{"id":975,"date":"2018-07-06T08:11:33","date_gmt":"2018-07-06T06:11:33","guid":{"rendered":"https:\/\/manaroots.com\/?page_id=975"},"modified":"2018-07-08T09:16:39","modified_gmt":"2018-07-08T07:16:39","slug":"window-datalayer-window-datalayer-function-gtagdatalayer-pusharguments-gtagjs-new-date-gtagconfig-ua-120237418-1-kombucha-limonady","status":"publish","type":"page","link":"https:\/\/manaroots.com\/de\/window-datalayer-window-datalayer-function-gtagdatalayer-pusharguments-gtagjs-new-date-gtagconfig-ua-120237418-1-kombucha-limonady\/","title":{"rendered":"KOMBUCHA LIMONADE"},"content":{"rendered":"[vc_row][vc_column][vc_column_text]\n<p align=\"CENTER\"><span style=\"color: #000000;\"><span style=\"font-family: Arial, sans-serif;\"><span style=\"font-size: medium;\"><span lang=\"de-DE\"><b>Kombucha\u00a0<\/b><\/span><\/span><\/span><span style=\"font-family: Arial, sans-serif;\"><span style=\"font-size: small;\"><span lang=\"de-DE\">ist in Asien seit Jahrhunderten als medizinischer Schwamm bekannt, als Elixier der Jugend und als Schutz vor Pilzinfektionen.<\/span><\/span><\/span><\/span><\/p>\n<h4 style=\"text-align: left;\"><span style=\"color: #000000;\"><img loading=\"lazy\" decoding=\"async\" class=\" wp-image-803 alignleft\" src=\"http:\/\/mana-roots.com\/wp-content\/uploads\/2017\/04\/Kombucha-starter-300x200.jpg\" alt=\"\" width=\"370\" height=\"246\" srcset=\"https:\/\/manaroots.com\/wp-content\/uploads\/2017\/04\/Kombucha-starter-300x200.jpg 300w, https:\/\/manaroots.com\/wp-content\/uploads\/2017\/04\/Kombucha-starter-600x400.jpg 600w, https:\/\/manaroots.com\/wp-content\/uploads\/2017\/04\/Kombucha-starter-768x512.jpg 768w, https:\/\/manaroots.com\/wp-content\/uploads\/2017\/04\/Kombucha-starter-1024x683.jpg 1024w, https:\/\/manaroots.com\/wp-content\/uploads\/2017\/04\/Kombucha-starter-900x600.jpg 900w\" sizes=\"auto, (max-width: 370px) 100vw, 370px\" \/><\/span><\/h4>\n<p><span style=\"color: #000000;\"><span style=\"font-family: Arial, sans-serif;\"><span style=\"font-size: small;\"><span lang=\"de-DE\">Es ist eine nat\u00fcrlich lebende symbiotische Gemeinschaft, eine Gemeinschaft verschiedener Hefen, Algen und verschiedener Bakterien. W\u00e4hrend des Oxidations- und Fermentationsprozesses, der mehrere Wochen im zahmen Tee dauert, finden viele chemische Reaktionen statt, die viele gesundheitliche Vorteile bringen. Kombucha verbraucht Zucker und setzt verschiedene wertvolle Substanzen in die L\u00f6sung frei, wie Glucurons\u00e4ure, Glucosurie, L-Milchs\u00e4ure, Oxals\u00e4ure, Essigs\u00e4ure, verschiedene Vitamine und Mineralstoffe.<\/span><\/span><\/span><\/span><\/p>\n<p><span style=\"color: #000000;\"><span style=\"font-family: Arial, sans-serif;\"><span style=\"font-size: small;\"><span lang=\"de-DE\">Unser Getr\u00e4nk wurde auch von unseren Kunden gesch\u00e4tzt, die eine gute soziale Aktivit\u00e4t genie\u00dfen. Da Kombucha eine Reihe von S\u00e4uren enth\u00e4lt, wird diese st\u00fcrmische Nacht Sie morgens aufmuntern, den Magen beruhigen und den S\u00e4uregehalt senken. Also, es ist gro\u00dfartig wie eine Entgiftung des K\u00f6rpers nach alkoholischen <\/span><\/span><\/span><span style=\"font-family: Noto Sans, BlinkMacSystemFont, apple-system, Roboto, Lucida Sans, sans-serif;\"><span style=\"font-size: small;\"><span lang=\"de-DE\">Getr\u00e4nken.<\/span><\/span><\/span><\/span><\/p>\n<p>&nbsp;<\/p>\n<p>&nbsp;<\/p>\n[\/vc_column_text][vc_column_text]\n<p lang=\"de-DE\" align=\"CENTER\"><span style=\"color: #000000;\"><span style=\"font-family: Arial, sans-serif;\"><span style=\"font-size: medium;\"><b>Unsere derzeit verf\u00fcgbaren Aromen<\/b><\/span><\/span><\/span><\/p>\n[\/vc_column_text][\/vc_column][\/vc_row][vc_row full_height=&#8221;true&#8221; content_placement=&#8221;middle&#8221;][vc_column width=&#8221;1\/4&#8243;][vc_images_carousel images=&#8221;920,674&#8243; img_size=&#8221;medium&#8221; onclick=&#8221;link_no&#8221; speed=&#8221;4500&#8243; autoplay=&#8221;yes&#8221; wrap=&#8221;yes&#8221;][\/vc_column][vc_column width=&#8221;1\/4&#8243;][vc_column_text]<span style=\"color: #000000;\"><span style=\"font-family: Arial, sans-serif;\"><span style=\"font-size: small;\"><span lang=\"de-DE\"><b>Kombucha Ingwer<\/b><\/span><\/span><\/span><\/span><\/p>\n<p><span style=\"color: #000000;\"><span style=\"font-family: Arial, sans-serif;\"><span style=\"font-size: small;\">Diese au\u00dfergew\u00f6hnliche Limonade aus fermentiertem gr\u00fcnem Tee mit nat\u00fcrlichem Koffein und probiotischer Kultur stellt ein neues Aussehen und Geschmack f\u00fcr traditionelle Limonade dar. Ein interessanter fermentierter Tee-Geschmack zusammen mit einem gepressten Ingwer-Saft macht diese Limonade zu einem Lebkuchen. Also, jeder, der Ingwer mag, ist auf sie!<\/span><\/span><\/span>[\/vc_column_text][\/vc_column][vc_column width=&#8221;1\/4&#8243;][vc_images_carousel images=&#8221;919,675&#8243; img_size=&#8221;medium&#8221; onclick=&#8221;link_no&#8221; speed=&#8221;4500&#8243; autoplay=&#8221;yes&#8221; wrap=&#8221;yes&#8221;][\/vc_column][vc_column width=&#8221;1\/4&#8243;][vc_column_text]<span style=\"color: #000000;\"><span style=\"font-family: Arial, sans-serif;\"><span style=\"font-size: small;\"><span lang=\"de-DE\"><b>Kombucha zitronengras<\/b><\/span><\/span><\/span><\/span><\/p>\n<p><span style=\"color: #000000;\"><span style=\"font-family: Arial, sans-serif;\"><span style=\"font-size: small;\"><span lang=\"de-DE\">Diese einzigartige Limonade aus fermentiertem Gr\u00fcnte mit nat\u00fcrlichem Koffein und probiotischer Kultur stellt ein neues Aussehen und Geschmack der traditionellen Limonade dar. Interessanter fermentierter Tee Geschmack zusammen mit Zitrone Zitronensaft ist vorteilhaft f\u00fcr die Verdauung und gibt Zitronensaft eine zarte Zitronengeschmack.<\/span><\/span><\/span><\/span>[\/vc_column_text][\/vc_column][\/vc_row]\n","protected":false},"excerpt":{"rendered":"<p>[vc_row][vc_column][vc_column_text] Kombucha\u00a0ist in Asien seit Jahrhunderten als medizinischer Schwamm bekannt, als Elixier der Jugend und als Schutz vor Pilzinfektionen. Es ist eine nat\u00fcrlich lebende symbiotische Gemeinschaft, eine Gemeinschaft verschiedener Hefen, Algen und verschiedener Bakterien. W\u00e4hrend des Oxidations- und Fermentationsprozesses, der mehrere Wochen im zahmen Tee dauert, finden viele chemische Reaktionen statt, die viele gesundheitliche Vorteile&hellip;<\/p>\n","protected":false},"author":1,"featured_media":0,"parent":0,"menu_order":0,"comment_status":"closed","ping_status":"closed","template":"","meta":{"_monsterinsights_skip_tracking":false,"_monsterinsights_sitenote_active":false,"_monsterinsights_sitenote_note":"","_monsterinsights_sitenote_category":0,"footnotes":""},"class_list":["post-975","page","type-page","status-publish","hentry"],"aioseo_notices":[],"_links":{"self":[{"href":"https:\/\/manaroots.com\/de\/wp-json\/wp\/v2\/pages\/975","targetHints":{"allow":["GET"]}}],"collection":[{"href":"https:\/\/manaroots.com\/de\/wp-json\/wp\/v2\/pages"}],"about":[{"href":"https:\/\/manaroots.com\/de\/wp-json\/wp\/v2\/types\/page"}],"author":[{"embeddable":true,"href":"https:\/\/manaroots.com\/de\/wp-json\/wp\/v2\/users\/1"}],"replies":[{"embeddable":true,"href":"https:\/\/manaroots.com\/de\/wp-json\/wp\/v2\/comments?post=975"}],"version-history":[{"count":19,"href":"https:\/\/manaroots.com\/de\/wp-json\/wp\/v2\/pages\/975\/revisions"}],"predecessor-version":[{"id":1076,"href":"https:\/\/manaroots.com\/de\/wp-json\/wp\/v2\/pages\/975\/revisions\/1076"}],"wp:attachment":[{"href":"https:\/\/manaroots.com\/de\/wp-json\/wp\/v2\/media?parent=975"}],"curies":[{"name":"wp","href":"https:\/\/api.w.org\/{rel}","templated":true}]}}