{"id":1067,"date":"2018-07-07T22:34:48","date_gmt":"2018-07-07T20:34:48","guid":{"rendered":"https:\/\/manaroots.com\/?page_id=1067"},"modified":"2018-07-11T10:41:16","modified_gmt":"2018-07-11T08:41:16","slug":"window-datalayer-window-datalayer-function-gtagdatalayer-pusharguments-gtagjs-new-date-gtagconfig-ua-120237418-1-kontakt","status":"publish","type":"page","link":"https:\/\/manaroots.com\/de\/window-datalayer-window-datalayer-function-gtagdatalayer-pusharguments-gtagjs-new-date-gtagconfig-ua-120237418-1-kontakt\/","title":{"rendered":"KONTAKT"},"content":{"rendered":"[vc_row full_height=&#8221;true&#8221; columns_placement=&#8221;stretch&#8221; content_placement=&#8221;middle&#8221; parallax=&#8221;content-moving&#8221;][vc_column width=&#8221;1\/3&#8243;][vc_empty_space height=&#8221;30&#8243;][vc_column_text]\n<p lang=\"de-DE\" style=\"text-align: center;\"><span style=\"font-family: Arial, sans-serif;\"><span style=\"font-size: small;\"><span style=\"color: #000000;\">Mana Roots s.r.o.<\/span><br \/>\n<span style=\"color: #000000;\">Galantsk\u00e1 cesta 594<\/span><br \/>\n<span style=\"color: #000000;\">925 63 Doln\u00e1 Streda<\/span><br \/>\n<span style=\"color: #000000;\">Slowakische Republik<\/span> <\/span><\/span><\/p>\n[\/vc_column_text][vc_empty_space height=&#8221;30&#8243;][vc_column_text]\n<p class=\"western\" lang=\"de-DE\" align=\"center\"><span style=\"font-family: Arial, sans-serif; color: #000000;\"><span style=\"font-size: small;\"><b>Bestellen<\/b><\/span><\/span><\/p>\n<p class=\"western\" align=\"center\"><span style=\"color: #000000;\"><span style=\"font-family: Arial, sans-serif;\"><span style=\"font-size: small;\"><span lang=\"de-DE\">info@manaroots.com<\/span><\/span><\/span><\/span><\/p>\n<p class=\"western\" align=\"center\"><span style=\"color: #000000;\"><span style=\"font-family: Arial, sans-serif;\"><span style=\"font-size: small;\"><span lang=\"de-DE\"><b>Produktion und allgemeine Informationen<\/b><\/span><\/span><\/span><span style=\"font-family: Arial, sans-serif;\"><span style=\"font-size: small;\"><span lang=\"de-DE\"><br \/>\nFilip \u0160imon\u010di\u010d &#8211; f.simoncic@manaroots.com<\/span><\/span><\/span><\/span><\/p>\n<p class=\"western\" lang=\"de-DE\" align=\"center\"><span style=\"font-family: Arial, sans-serif; color: #000000;\"><span style=\"font-size: small;\"><b>Marketing-Aktivit\u00e4ten<\/b><\/span><\/span><\/p>\n<p class=\"western\" lang=\"de-DE\" align=\"center\"><span style=\"font-family: Arial, sans-serif; color: #000000;\"><span style=\"font-size: small;\">marketing@manaroots.com<\/span><\/span><\/p>\n[\/vc_column_text][vc_empty_space height=&#8221;30&#8243;][vc_column_text]\n<p style=\"text-align: center;\"><span style=\"color: #000000;\"><strong>Weitere Informationen<\/strong><\/span><\/p>\n<p style=\"text-align: center;\"><span style=\"color: #000000;\">info@manaroots.com<\/span><\/p>\n[\/vc_column_text][vc_empty_space height=&#8221;30&#8243;][vc_column_text][\/vc_column_text][vc_empty_space height=&#8221;30&#8243;][vc_separator color=&#8221;custom&#8221; style=&#8221;dashed&#8221; el_width=&#8221;60&#8243; accent_color=&#8221;#6d6d6d&#8221;][vc_empty_space height=&#8221;30&#8243;][vc_column_text animation=&#8221;animation fade-in&#8221;]\n<p class=\"western\" lang=\"de-DE\" style=\"text-align: center;\" align=\"center\"><span style=\"font-family: Arial, sans-serif; color: #000000;\"><span style=\"font-size: x-large;\"><b>Habe keine Angst zu schreiben, k\u00e4mpfe nicht.<\/b><\/span><\/span><\/p>\n[\/vc_column_text][\/vc_column][vc_column width=&#8221;1\/3&#8243;][vc_empty_space height=&#8221;30&#8243;][vc_column_text]\n<h4><\/h4>\n\n<div class=\"wpcf7 no-js\" id=\"wpcf7-f1081-o1\" lang=\"sk-SK\" dir=\"ltr\">\n<div class=\"screen-reader-response\"><p role=\"status\" aria-live=\"polite\" aria-atomic=\"true\"><\/p> <ul><\/ul><\/div>\n<form action=\"\/de\/wp-json\/wp\/v2\/pages\/1067#wpcf7-f1081-o1\" method=\"post\" class=\"wpcf7-form init\" aria-label=\"Contact form\" novalidate=\"novalidate\" data-status=\"init\">\n<div style=\"display: none;\">\n<input type=\"hidden\" name=\"_wpcf7\" value=\"1081\" \/>\n<input type=\"hidden\" name=\"_wpcf7_version\" value=\"5.7.7\" \/>\n<input type=\"hidden\" name=\"_wpcf7_locale\" value=\"sk_SK\" \/>\n<input type=\"hidden\" name=\"_wpcf7_unit_tag\" value=\"wpcf7-f1081-o1\" \/>\n<input type=\"hidden\" name=\"_wpcf7_container_post\" value=\"0\" \/>\n<input type=\"hidden\" name=\"_wpcf7_posted_data_hash\" value=\"\" \/>\n<input type=\"hidden\" name=\"_wpcf7_recaptcha_response\" value=\"\" \/>\n<\/div>\n<p><label> IHR NAME (OBLIGATORISCH)<br \/>\n<span class=\"wpcf7-form-control-wrap\" data-name=\"your-name\"><input size=\"40\" class=\"wpcf7-form-control wpcf7-text wpcf7-validates-as-required\" aria-required=\"true\" aria-invalid=\"false\" value=\"\" type=\"text\" name=\"your-name\" \/><\/span> <\/label>\n<\/p>\n<p><label> IHRE E-MAIL (OBLIGATORISCH)<br \/>\n<span class=\"wpcf7-form-control-wrap\" data-name=\"your-email\"><input size=\"40\" class=\"wpcf7-form-control wpcf7-text wpcf7-email wpcf7-validates-as-required wpcf7-validates-as-email\" aria-required=\"true\" aria-invalid=\"false\" value=\"\" type=\"email\" name=\"your-email\" \/><\/span> <\/label>\n<\/p>\n<p><label> ACTIVITY<br \/>\n<span class=\"wpcf7-form-control-wrap\" data-name=\"your-subject\"><input size=\"40\" class=\"wpcf7-form-control wpcf7-text\" aria-invalid=\"false\" value=\"\" type=\"text\" name=\"your-subject\" \/><\/span> <\/label>\n<\/p>\n<p><label> IHR BERICHT<br \/>\n<span class=\"wpcf7-form-control-wrap\" data-name=\"your-message\"><textarea cols=\"40\" rows=\"10\" class=\"wpcf7-form-control wpcf7-textarea\" aria-invalid=\"false\" name=\"your-message\"><\/textarea><\/span> <\/label>\n<\/p>\n<span class=\"wpcf7-form-control-wrap recaptcha\"><span data-sitekey=\"6Lenh8wUAAAAAEnPgXxRKCHazabYcP0YtLTOgXQm\" class=\"wpcf7-form-control g-recaptcha wpcf7-recaptcha\"><\/span>\r\n<noscript>\r\n\t<div class=\"grecaptcha-noscript\">\r\n\t\t<iframe loading=\"lazy\" src=\"https:\/\/www.google.com\/recaptcha\/api\/fallback?k=6Lenh8wUAAAAAEnPgXxRKCHazabYcP0YtLTOgXQm\" frameborder=\"0\" scrolling=\"no\" width=\"310\" height=\"430\">\r\n\t\t<\/iframe>\r\n\t\t<textarea name=\"g-recaptcha-response\" rows=\"3\" cols=\"40\" placeholder=\"reCaptcha Response Here\">\r\n\t\t<\/textarea>\r\n\t<\/div>\r\n<\/noscript>\r\n<\/span>\n<p><input class=\"wpcf7-form-control has-spinner wpcf7-submit\" type=\"submit\" value=\"Senden\" \/>\n<\/p><div class=\"wpcf7-response-output\" aria-hidden=\"true\"><\/div>\n<\/form>\n<\/div>\n[\/vc_column_text][\/vc_column][vc_column width=&#8221;1\/3&#8243;][vc_single_image image=&#8221;820&#8243; img_size=&#8221;large&#8221; alignment=&#8221;center&#8221;][\/vc_column][\/vc_row]\n","protected":false},"excerpt":{"rendered":"<p>[vc_row full_height=&#8221;true&#8221; columns_placement=&#8221;stretch&#8221; content_placement=&#8221;middle&#8221; parallax=&#8221;content-moving&#8221;][vc_column width=&#8221;1\/3&#8243;][vc_empty_space height=&#8221;30&#8243;][vc_column_text] Mana Roots s.r.o. Galantsk\u00e1 cesta 594 925 63 Doln\u00e1 Streda Slowakische Republik [\/vc_column_text][vc_empty_space height=&#8221;30&#8243;][vc_column_text] Bestellen info@manaroots.com Produktion und allgemeine Informationen Filip \u0160imon\u010di\u010d &#8211; f.simoncic@manaroots.com Marketing-Aktivit\u00e4ten marketing@manaroots.com [\/vc_column_text][vc_empty_space height=&#8221;30&#8243;][vc_column_text] Weitere Informationen info@manaroots.com [\/vc_column_text][vc_empty_space height=&#8221;30&#8243;][vc_column_text][\/vc_column_text][vc_empty_space height=&#8221;30&#8243;][vc_separator color=&#8221;custom&#8221; style=&#8221;dashed&#8221; el_width=&#8221;60&#8243; accent_color=&#8221;#6d6d6d&#8221;][vc_empty_space height=&#8221;30&#8243;][vc_column_text animation=&#8221;animation fade-in&#8221;] Habe keine Angst zu schreiben, k\u00e4mpfe nicht.&hellip;<\/p>\n","protected":false},"author":1,"featured_media":0,"parent":0,"menu_order":0,"comment_status":"closed","ping_status":"closed","template":"","meta":{"_monsterinsights_skip_tracking":false,"_monsterinsights_sitenote_active":false,"_monsterinsights_sitenote_note":"","_monsterinsights_sitenote_category":0,"footnotes":""},"class_list":["post-1067","page","type-page","status-publish","hentry"],"aioseo_notices":[],"_links":{"self":[{"href":"https:\/\/manaroots.com\/de\/wp-json\/wp\/v2\/pages\/1067","targetHints":{"allow":["GET"]}}],"collection":[{"href":"https:\/\/manaroots.com\/de\/wp-json\/wp\/v2\/pages"}],"about":[{"href":"https:\/\/manaroots.com\/de\/wp-json\/wp\/v2\/types\/page"}],"author":[{"embeddable":true,"href":"https:\/\/manaroots.com\/de\/wp-json\/wp\/v2\/users\/1"}],"replies":[{"embeddable":true,"href":"https:\/\/manaroots.com\/de\/wp-json\/wp\/v2\/comments?post=1067"}],"version-history":[{"count":6,"href":"https:\/\/manaroots.com\/de\/wp-json\/wp\/v2\/pages\/1067\/revisions"}],"predecessor-version":[{"id":1155,"href":"https:\/\/manaroots.com\/de\/wp-json\/wp\/v2\/pages\/1067\/revisions\/1155"}],"wp:attachment":[{"href":"https:\/\/manaroots.com\/de\/wp-json\/wp\/v2\/media?parent=1067"}],"curies":[{"name":"wp","href":"https:\/\/api.w.org\/{rel}","templated":true}]}}