{"id":1050,"date":"2018-07-07T22:05:49","date_gmt":"2018-07-07T20:05:49","guid":{"rendered":"https:\/\/manaroots.com\/?page_id=1050"},"modified":"2018-07-08T13:28:42","modified_gmt":"2018-07-08T11:28:42","slug":"ueber-uns","status":"publish","type":"page","link":"https:\/\/manaroots.com\/de\/ueber-uns\/","title":{"rendered":"\u00dcBER UNS"},"content":{"rendered":"[vc_row][vc_column]\t<div id=\"thb-image-69d1b9b403866\" class=\"caption-style1  center   thb_image_link wp-caption \">\n\t  \t\t\t<div class=\"thb-image-inner size_100\">\n\t\t\t\t<img loading=\"lazy\" decoding=\"async\" width=\"4608\" height=\"3072\" src=\"https:\/\/manaroots.com\/wp-content\/uploads\/2017\/05\/aroma-aromatic-assorted-678414-scaled.jpg\" class=\"thb_image   attachment-full\" alt=\"\" \/>\t\t\t\t\t\t\t<\/div>\n\t\t\t\t\t\t\t\t\t<\/div>\n\t[\/vc_column][\/vc_row][vc_row full_height=&#8221;true&#8221; content_placement=&#8221;middle&#8221;][vc_column width=&#8221;1\/4&#8243;][vc_column_text]\n<p class=\"western\" lang=\"de-DE\"><span style=\"color: #000000;\"><strong><span style=\"font-family: Arial, sans-serif;\"><span style=\"font-size: small;\">WAS SCHAFFEN WIR?<\/span><\/span><\/strong><\/span><\/p>\n<p class=\"western\"><span style=\"color: #000000;\"><span style=\"font-family: Arial, sans-serif;\"><span style=\"font-size: small;\"><span lang=\"de-DE\"><b>Funktionale Handwerkskunst<\/b><\/span><\/span><\/span><span style=\"font-family: Arial, sans-serif;\"><span style=\"font-size: small;\"><span lang=\"de-DE\">, d<\/span><\/span><\/span><span style=\"font-family: Arial, sans-serif;\"><span style=\"font-size: small;\"><span lang=\"de-DE\">ie einzige echte Limonade auf dem Markt vom slowakischen Hersteller. Funktionelle Limonaden, die den Kunden neben dem untraditionellen und neuen Geschmackserlebnis nicht mehr bringen. Mehr in Form von n\u00fctzlichen Substanzen aus den Rohstoffen, aus denen diese traditionellen &#8211; unkonventionellen Limonaden zubereitet werden. Alle Limonaden werden aus ausgesuchten Rohstoffen wie Rohrzucker, hochwertigem Streute, Kr\u00e4utern und Gew\u00fcrzen hergestellt, die die Essenz des Produktes hinterlassen, sein Au\u00dfergew\u00f6hnliches. Genauso wie diese Rohstoffe von unseren Vorfahren verwendet werden. Rohstoffe, die aus unserer Vergangenheit stammen, k\u00f6nnen f\u00fcr den menschlichen Organismus n\u00fctzlich sein, heilen und schmecken. Durch die Qualit\u00e4t der Zusammensetzung, das Konzept und den Mehrwert m\u00f6chten wir Verbraucher und Verk\u00e4ufer ansprechen und schulen. Dies ist die wesentliche Idee von Produkten ManaRoots.<\/span><\/span><\/span><\/span><\/p>\n[\/vc_column_text][\/vc_column][vc_column width=&#8221;1\/2&#8243;][vc_single_image image=&#8221;852&#8243; img_size=&#8221;full&#8221; alignment=&#8221;center&#8221; css_animation=&#8221;top-to-bottom&#8221;][\/vc_column][vc_column width=&#8221;1\/4&#8243;][vc_column_text]\n<p class=\"western\" lang=\"de-DE\"><span style=\"font-family: Arial, sans-serif; color: #000000;\"><span style=\"font-size: small;\"><b>WAS IST KLEIN, UND WAS IST UNSERE MISSION?<\/b><\/span><\/span><\/p>\n<p class=\"western\" lang=\"de-DE\"><span style=\"font-family: Arial, sans-serif; color: #000000;\"><span style=\"font-size: small;\">An einem sonnigen Tag, sitzt in einem Caf\u00e9 angewidert kandierte um die gleiche Pr\u00e4sentation der Getr\u00e4nke wurden gefragt, wie es m\u00f6glich ist, dass wir in der Tat eine Auswahl von etwas lokalen und gesund haben. Wir haben uns entschieden, diese Situation zu \u00e4ndern. Es war ihr egal, uns dasselbe zu trinken, ungesund und ohne einen zus\u00e4tzlichen Mehrwert. All diese negativen Gef\u00fchle in uns weckten den Wunsch nach einer Gastro-Revolution. Wir traten uns in den Kopf, das Konzept wurde ausgearbeitet, die \u00c4rmel hochgekrempelt und wir gingen zur Arbeit. Unsere Idee Entwicklungsarbeit und wir sind begeistert, dass wir immer wieder neue und neue L\u00f6sungen f\u00fcr Sie erstellen streben und uns. Wir sind junge Menschen mit einem Willen etwas Gutes f\u00fcr die Gesellschaft als Ganze zu leben und zu schaffen und auch, weil wir bringen ein neues, gesunde und alternative Getr\u00e4nke f\u00fcr unseren Markt. Als neue slowakische Hersteller von Erfrischungsgetr\u00e4nken, stolz, mit Liebe und Leidenschaft zu schaffen einzigartige Getr\u00e4nke aus nat\u00fcrlichen Zutaten ein wenig anders sind. Denken Sie mit uns vor \u00f6kologisch und mit Sorgfalt f\u00fcr Ihren K\u00f6rper.<\/span><\/span><\/p>\n[\/vc_column_text][\/vc_column][\/vc_row][vc_row][vc_column][vc_column_text]\n<p class=\"western\"><span style=\"color: #000000;\"><span style=\"font-family: Arial, sans-serif;\"><span style=\"font-size: small;\"><span lang=\"de-DE\"><b>EKO seite <\/b><\/span><\/span><\/span><span style=\"font-family: Arial, sans-serif;\"><span style=\"font-size: small;\"><span lang=\"de-DE\">Unsere Gesellschaft basiert auf Umweltaspekten und engagiert sich in verschiedenen EKO-Projekten zur Erneuerung und Reinigung unserer Natur. Unsere Produkte werden ausschlie\u00dflich in Glasflaschen abgef\u00fcllt, obwohl sie finanziell unvergleichlich teurer sind als Plastikflaschen. Leider w\u00e4chst Kunststoff von Jahr zu Jahr mehr und mehr, was, abgesehen von einigen wenigen Firmen und reichen Menschen, f\u00fcr keinen von uns einen Beitrag leistet. Alle unsere Verpackungen sind zu 100% recycelbar und verwendbar. Vielen Dank f\u00fcr den Kauf eines teureren, aber gr\u00fcneren Produkts, jeder von euch tr\u00e4gt zur besseren Umwelt unseres Planeten bei. Wir danken auch daf\u00fcr, dass jede unserer Flaschen in getrennten Abf\u00e4llen endet und wo sie sein sollte. K\u00fcmmere dich um die Traditionen und die Umwelt und trinke keine k\u00fcnstlichen Getr\u00e4nke in der k\u00fcnstlichen Verpackung, die dir diese Konsumwelt bietet. Wir meinen nicht nur die Umwelt, sondern auch die Gesundheit eines jeden von uns, nicht nur wir konsumieren, sondern auch trinken.<\/span><\/span><\/span><\/span><\/p>\n[\/vc_column_text][\/vc_column][\/vc_row]\n","protected":false},"excerpt":{"rendered":"<p>[vc_row][vc_column][\/vc_column][\/vc_row][vc_row full_height=&#8221;true&#8221; content_placement=&#8221;middle&#8221;][vc_column width=&#8221;1\/4&#8243;][vc_column_text] WAS SCHAFFEN WIR? Funktionale Handwerkskunst, die einzige echte Limonade auf dem Markt vom slowakischen Hersteller. Funktionelle Limonaden, die den Kunden neben dem untraditionellen und neuen Geschmackserlebnis nicht mehr bringen. Mehr in Form von n\u00fctzlichen Substanzen aus den Rohstoffen, aus denen diese traditionellen &#8211; unkonventionellen Limonaden zubereitet werden. Alle Limonaden werden aus&hellip;<\/p>\n","protected":false},"author":1,"featured_media":0,"parent":0,"menu_order":0,"comment_status":"closed","ping_status":"closed","template":"","meta":{"_monsterinsights_skip_tracking":false,"_monsterinsights_sitenote_active":false,"_monsterinsights_sitenote_note":"","_monsterinsights_sitenote_category":0,"footnotes":""},"class_list":["post-1050","page","type-page","status-publish","hentry"],"aioseo_notices":[],"_links":{"self":[{"href":"https:\/\/manaroots.com\/de\/wp-json\/wp\/v2\/pages\/1050","targetHints":{"allow":["GET"]}}],"collection":[{"href":"https:\/\/manaroots.com\/de\/wp-json\/wp\/v2\/pages"}],"about":[{"href":"https:\/\/manaroots.com\/de\/wp-json\/wp\/v2\/types\/page"}],"author":[{"embeddable":true,"href":"https:\/\/manaroots.com\/de\/wp-json\/wp\/v2\/users\/1"}],"replies":[{"embeddable":true,"href":"https:\/\/manaroots.com\/de\/wp-json\/wp\/v2\/comments?post=1050"}],"version-history":[{"count":9,"href":"https:\/\/manaroots.com\/de\/wp-json\/wp\/v2\/pages\/1050\/revisions"}],"predecessor-version":[{"id":1108,"href":"https:\/\/manaroots.com\/de\/wp-json\/wp\/v2\/pages\/1050\/revisions\/1108"}],"wp:attachment":[{"href":"https:\/\/manaroots.com\/de\/wp-json\/wp\/v2\/media?parent=1050"}],"curies":[{"name":"wp","href":"https:\/\/api.w.org\/{rel}","templated":true}]}}