{"id":1010,"date":"2018-07-07T19:05:46","date_gmt":"2018-07-07T17:05:46","guid":{"rendered":"https:\/\/manaroots.com\/?page_id=1010"},"modified":"2018-07-07T22:37:59","modified_gmt":"2018-07-07T20:37:59","slug":"handwerkliche-limonaden","status":"publish","type":"page","link":"https:\/\/manaroots.com\/de\/handwerkliche-limonaden\/","title":{"rendered":"HANDWERKLICHE LIMONADEN"},"content":{"rendered":"[vc_row][vc_column]\t<div id=\"thb-image-slider-78\" class=\"thb-image-slider slick row  \" data-pagination=\"true\" data-navigation=\"true\" data-center=\"true\" data-columns=\"1\" data-infinite=\"true\" data-autoplay=\"\" data-autoplay-speed=\"4000\">\n\t\t\t\t\t\t<figure class=\"columns\">\n\t\t\t\t\t\t\t\t\t\t<img loading=\"lazy\" decoding=\"async\" width=\"4256\" height=\"2604\" src=\"https:\/\/manaroots.com\/wp-content\/uploads\/2017\/04\/agriculture-clouds-countryside-981091.jpg\" class=\"attachment-full size-full\" alt=\"\" srcset=\"https:\/\/manaroots.com\/wp-content\/uploads\/2017\/04\/agriculture-clouds-countryside-981091.jpg 4256w, https:\/\/manaroots.com\/wp-content\/uploads\/2017\/04\/agriculture-clouds-countryside-981091-600x367.jpg 600w, https:\/\/manaroots.com\/wp-content\/uploads\/2017\/04\/agriculture-clouds-countryside-981091-300x184.jpg 300w, https:\/\/manaroots.com\/wp-content\/uploads\/2017\/04\/agriculture-clouds-countryside-981091-768x470.jpg 768w, https:\/\/manaroots.com\/wp-content\/uploads\/2017\/04\/agriculture-clouds-countryside-981091-1024x627.jpg 1024w, https:\/\/manaroots.com\/wp-content\/uploads\/2017\/04\/agriculture-clouds-countryside-981091-900x551.jpg 900w\" sizes=\"auto, (max-width: 4256px) 100vw, 4256px\" \/>\t\t\t\t\t\t\t\t\t<\/figure>\n\t\t\t\t\t\t\t\t<figure class=\"columns\">\n\t\t\t\t\t\t\t\t\t\t<img loading=\"lazy\" decoding=\"async\" width=\"4608\" height=\"3072\" src=\"https:\/\/manaroots.com\/wp-content\/uploads\/2017\/05\/blur-bowl-close-up-672046-scaled.jpg\" class=\"attachment-full size-full\" alt=\"\" \/>\t\t\t\t\t\t\t\t\t<\/figure>\n\t\t\t\t\t\t\t\t<figure class=\"columns\">\n\t\t\t\t\t\t\t\t\t\t<img loading=\"lazy\" decoding=\"async\" width=\"5116\" height=\"3411\" src=\"https:\/\/manaroots.com\/wp-content\/uploads\/2017\/04\/jar-tea-16532.jpg\" class=\"attachment-full size-full\" alt=\"\" srcset=\"https:\/\/manaroots.com\/wp-content\/uploads\/2017\/04\/jar-tea-16532.jpg 5116w, https:\/\/manaroots.com\/wp-content\/uploads\/2017\/04\/jar-tea-16532-600x400.jpg 600w, https:\/\/manaroots.com\/wp-content\/uploads\/2017\/04\/jar-tea-16532-300x200.jpg 300w, https:\/\/manaroots.com\/wp-content\/uploads\/2017\/04\/jar-tea-16532-768x512.jpg 768w, https:\/\/manaroots.com\/wp-content\/uploads\/2017\/04\/jar-tea-16532-1024x683.jpg 1024w, https:\/\/manaroots.com\/wp-content\/uploads\/2017\/04\/jar-tea-16532-900x600.jpg 900w\" sizes=\"auto, (max-width: 5116px) 100vw, 5116px\" \/>\t\t\t\t\t\t\t\t\t<\/figure>\n\t\t\t\t\t<\/div>\n\t[\/vc_column][\/vc_row][vc_row full_height=&#8221;true&#8221; content_placement=&#8221;middle&#8221;][vc_column width=&#8221;1\/4&#8243;][vc_images_carousel images=&#8221;927,926&#8243; img_size=&#8221;medium&#8221; onclick=&#8221;link_no&#8221; speed=&#8221;4500&#8243; autoplay=&#8221;yes&#8221; wrap=&#8221;yes&#8221;][\/vc_column][vc_column width=&#8221;1\/4&#8243;][vc_column_text]\n<p lang=\"de-DE\"><span style=\"color: #000000;\"><strong>KR\u00c4UTERLIMONADE<\/strong><\/span><\/p>\n<p lang=\"de-DE\"><span style=\"color: #000000;\"><span style=\"font-family: Arial, sans-serif;\"><span style=\"font-size: small;\">Die Zusammensetzung dieser Anti-Stress-Limonade besteht aus Extrakten von wohltuenden Kr\u00e4utern, wie dem Mund der Mutter, der Minze oder der Minze, die Ihre Geschmacksknospen beruhigen und Ihnen eine angenehme Ruhe schenken. Die Kombination dieser Kr\u00e4uter, zusammen mit Apfel- und Zitronensaft, bringt Sie in den Morgengrauen, zu Ihrer Gro\u00dfmutter im Garten, wo Stress ein nicht-existentes Wort f\u00fcr Sie ist. Sp\u00fcren Sie die Heilkraft dieser Kr\u00e4uter und stellen Sie sicher, dass Sie dieses Getr\u00e4nk auf jeden Fall genie\u00dfen. <\/span><\/span><\/span><\/p>\n<p lang=\"de-DE\"><span style=\"color: #000000;\"><span style=\"font-family: Arial, sans-serif;\"><span style=\"font-size: small;\">Geeignete Limonade f\u00fcr alle Arten von Lebensmitteln oder nur f\u00fcr das regelm\u00e4\u00dfige Trinken, wenn Sie Durst haben.<\/span><\/span><\/span><\/p>\n[\/vc_column_text][\/vc_column][vc_column width=&#8221;1\/4&#8243;][vc_images_carousel images=&#8221;929,928&#8243; img_size=&#8221;medium&#8221; speed=&#8221;4500&#8243; autoplay=&#8221;yes&#8221; wrap=&#8221;yes&#8221;][\/vc_column][vc_column width=&#8221;1\/4&#8243;][vc_column_text]\n<p style=\"text-align: left;\"><span style=\"color: #000000;\"><strong>HIBISKUSLIMONADE<\/strong><\/span><\/p>\n<p><span style=\"font-family: 'Times New Roman', serif; color: #000000;\"><span style=\"font-size: medium;\"><span style=\"font-family: Arial, sans-serif;\"><span style=\"font-size: small;\"><span lang=\"de-DE\">Die Kombination von Natur und Sudan in Form von Hibiskus bluten. Diese ungew\u00f6hnliche s\u00fc\u00df schmeckende Note mit anderen Gew\u00fcrzen und Fruchts\u00e4ften ist der aromatische Geschmack der Natur. Es verbessert die Immunit\u00e4t und ist bei Kindern beliebt, da es kein Koffein enth\u00e4lt. Sch\u00f6ne, untraditionelle Farbe, die durch die Kraft der Natur mit einem unerwarteten und interessanten Geschmack nach dem ersten Atemzug erreicht wird. Ideal f\u00fcr g\u00f6ttliche und Fleischgerichte.<\/span><\/span><\/span><\/span><\/span><\/p>\n<p><span style=\"font-family: 'Times New Roman', serif; color: #000000;\"><span style=\"font-size: medium;\"><span style=\"font-family: Arial, sans-serif;\"><span style=\"font-size: small;\"><span lang=\"de-DE\">Sein s\u00fc\u00df-saurer Geschmack ist angenehm in Kombination mit Desserts. Aber Sie m\u00fcssen sich keine Sorgen machen! Diese Limonade enth\u00e4lt eine reduzierte Menge an Rohrzucker.<\/span><\/span><\/span><\/span><\/span>[\/vc_column_text][\/vc_column][vc_column][vc_single_image image=&#8221;842&#8243; img_size=&#8221;medium&#8221; alignment=&#8221;center&#8221; css_animation=&#8221;top-to-bottom&#8221;][\/vc_column][\/vc_row][vc_row full_height=&#8221;true&#8221; content_placement=&#8221;top&#8221;][vc_column width=&#8221;1\/4&#8243;][vc_images_carousel images=&#8221;933,932&#8243; img_size=&#8221;medium&#8221; speed=&#8221;4500&#8243; autoplay=&#8221;yes&#8221; wrap=&#8221;yes&#8221;][\/vc_column][vc_column width=&#8221;1\/4&#8243;][vc_column_text]<span style=\"color: #000000;\"><strong>MYSTERY COLA<\/strong><\/span><\/p>\n<p lang=\"de-DE\"><span style=\"font-family: Arial, sans-serif; color: #000000;\"><span style=\"font-size: small;\">Nat\u00fcrliches Getr\u00e4nk, das nach einem eigenen Rezept hergestellt wird und von anderen Weizengetr\u00e4nken mit seiner atypischen Farbe und seinem einzigartigen Geschmack abweicht. Die Mischung verschiedener Kr\u00e4uter-, Gew\u00fcrz-, Fruchtsaft-, traditioneller Karamell- und echter Weizennutr\u00fcckst\u00e4nde sorgt f\u00fcr ein au\u00dfergew\u00f6hnliches Geschmackserlebnis. Weit die einzige farbige Zitronenlimonade aus echten N\u00fcssen. Dank der Verwendung dieser N\u00fcsse wird nat\u00fcrliches Koffein w\u00e4hrend des Kochens freigesetzt. Cola, die durch ihre Zusammensetzung eine breite Palette von verschiedenen mysteri\u00f6sen Geschm\u00e4cken darstellt, die immer die Geschmackssinne beeinflussen. Der beste Geschmack von eiskalt.<\/span><\/span><\/p>\n<p lang=\"de-DE\"><span style=\"font-family: Arial, sans-serif; color: #000000;\"><span style=\"font-size: small;\">Aufgrund seines un\u00fcbertroffen niedrigen Zuckergehalts in den Kuchenprodukten eignet er sich hervorragend f\u00fcr s\u00fc\u00dfe Schwarzlauge, mit Zitronenscheiben oder einfach nur f\u00fcr lange Sommertage.<\/span><\/span><\/p>\n[\/vc_column_text][\/vc_column][vc_column width=&#8221;1\/4&#8243;][vc_images_carousel images=&#8221;937,936&#8243; img_size=&#8221;medium&#8221; speed=&#8221;4500&#8243; autoplay=&#8221;yes&#8221; wrap=&#8221;yes&#8221;][\/vc_column][vc_column width=&#8221;1\/4&#8243;][vc_column_text]\n<p lang=\"de-DE\"><span style=\"color: #000000;\"><strong><span style=\"font-family: Arial, sans-serif;\"><span style=\"font-size: small;\">NAT\u00dcRLICHE TONIK<\/span><\/span><\/strong><\/span><\/p>\n<p lang=\"de-DE\"><span style=\"font-family: Arial, sans-serif; color: #000000;\"><span style=\"font-size: small;\">Wirklich nat\u00fcrlich? Ja, dank der Verwendung von echter Rinde aus dem Chininbaum. Die Heimat dieses wertvollen Baumes ist weit weg von Andy. Aufgrund der Chininkomponente, die beim Kochen dieser Rinde freigesetzt wird, kann unsere st\u00e4rkende Limonade hergestellt werden. Angereichert mit Zitronen-Zitronensaft ist unser tonisierender Geschmack eher von Limonadencharakter, mit einer feinen Bitterkeit und einem Hauch von Zitrone. Ohne die Verwendung von k\u00fcnstlichen Farbstoffen wird eine einzigartige rot-braune nat\u00fcrliche Farbe von der Quinine Bark erhalten. Ein gewaltfreier und ausgewogener scharfer Geschmack wird sicherlich diejenigen \u00fcberraschen, die kein Tonic wegen seiner Hitze ben\u00f6tigen, aber im Gegenteil, es tut auch den Fans von hei\u00dfen Geschm\u00e4cken nicht weh.<\/span><\/span><\/p>\n<p lang=\"de-DE\"><span style=\"font-family: Arial, sans-serif; color: #000000;\"><span style=\"font-size: small;\">Es eignet sich auch zur Zubereitung von Mixgetr\u00e4nken in Kombination mit Gin und Thymian, hausgemachter Limonade mit frischer Pfefferminze und Zitrone sowie zur Herstellung des ber\u00fchmten Espressotonikums.<\/span><\/span><\/p>\n[\/vc_column_text][\/vc_column][vc_column][vc_single_image image=&#8221;838&#8243; img_size=&#8221;medium&#8221; alignment=&#8221;center&#8221; css_animation=&#8221;top-to-bottom&#8221;][\/vc_column][vc_column][\/vc_column][\/vc_row][vc_row full_height=&#8221;true&#8221; content_placement=&#8221;top&#8221;][vc_column width=&#8221;1\/4&#8243;][vc_images_carousel images=&#8221;935,934&#8243; img_size=&#8221;medium&#8221; speed=&#8221;4500&#8243; autoplay=&#8221;yes&#8221; wrap=&#8221;yes&#8221;][\/vc_column][vc_column width=&#8221;1\/4&#8243;][vc_column_text]\n<p lang=\"de-DE\"><span style=\"color: #000000;\"><strong><span style=\"font-family: Arial, sans-serif;\"><span style=\"font-size: small;\">ZITRONEN MIT SCH\u00d6NEM TEE UND RESORTS<\/span><\/span><\/strong><\/span><\/p>\n<p lang=\"de-DE\"><span style=\"font-family: Arial, sans-serif; color: #000000;\"><span style=\"font-size: small;\">Nat\u00fcrliches Getr\u00e4nk aus hochwertigem wei\u00dfem Tee. Und in diese exotischen Zutaten von Zitrusfr\u00fcchten zusammen mit einem starken Ingwersaft. Alles versteckt sich in diesem verj\u00fcngenden Getr\u00e4nk. Das Premium-Wei\u00df verleiht dem Getr\u00e4nk au\u00dferdem einen angenehmen Honiggeschmack und der Ingwer w\u00fcrzige, w\u00fcrzige. Wei\u00dfer Tee im Vergleich zu Gr\u00fcn oder Schwarz enth\u00e4lt eine vernachl\u00e4ssigbare Menge an nat\u00fcrlichem Koffein. Auf der anderen Seite ist es ein ausgezeichnetes Elixier der Jugend, weil es verj\u00fcngende Substanzen und viele Antioxidantien enth\u00e4lt.<\/span><\/span><\/p>\n<p lang=\"de-DE\"><span style=\"font-family: Arial, sans-serif; color: #000000;\"><span style=\"font-size: small;\">Ideal f\u00fcr Mixgetr\u00e4nke wie Wodka mit einem St\u00fcck Eis, Zitrone und Lavendel. Bei regelm\u00e4\u00dfigem Trinken reduziert es den Blutdruck.<\/span><\/span><\/p>\n[\/vc_column_text][\/vc_column][vc_column width=&#8221;1\/4&#8243;][vc_images_carousel images=&#8221;931,930&#8243; img_size=&#8221;medium&#8221; speed=&#8221;4500&#8243; autoplay=&#8221;yes&#8221; wrap=&#8221;yes&#8221;][\/vc_column][vc_column width=&#8221;1\/4&#8243;][vc_column_text]<span style=\"color: #000000;\"><strong>MAT\u00c9 LIME<\/strong><\/span><\/p>\n<p lang=\"de-DE\"><span style=\"font-family: Arial, sans-serif; color: #000000;\"><span style=\"font-size: small;\">Nat\u00fcrliche Limonade wird von der Zitrone der Qualit\u00e4t Ancient Matte hergestellt, die sich durch ihre wohltuende Wirkung auf den menschlichen Organismus in Form einer Koffeinbombe und einer Reihe von Antioxidantien, Mineralien oder Aminos\u00e4uren auszeichnet. Yearba Mat\u00e9 wird seit Jahrhunderten in S\u00fcdamerika als prim\u00e4re Heilpflanze verwendet. Es verbessert die Konzentrationsf\u00e4higkeit, k\u00f6rperliche Ausdauer, f\u00f6rdert die kardiovaskul\u00e4re Gesundheit und viele andere Dinge. Zusammen mit Limettensaft ist es eine ausgezeichnete Erfrischung und ein toller Kick f\u00fcr Ihren Tag.<\/span><\/span><\/p>\n<p lang=\"de-DE\"><span style=\"font-family: Arial, sans-serif; color: #000000;\"><span style=\"font-size: small;\">Wir empfehlen auf jeden Fall eine Kombination unserer Limonade mit Wodka und Basilikum in Form eines nicht traditionellen Mixgetr\u00e4nks oder als Alternative zu Energydrinks f\u00fcr lange Partys am Abend.<\/span><\/span><\/p>\n[\/vc_column_text][\/vc_column][\/vc_row][vc_row][vc_column][\/vc_column][\/vc_row][vc_row][vc_column][\/vc_column][\/vc_row]\n","protected":false},"excerpt":{"rendered":"<p>[vc_row][vc_column][\/vc_column][\/vc_row][vc_row full_height=&#8221;true&#8221; content_placement=&#8221;middle&#8221;][vc_column width=&#8221;1\/4&#8243;][vc_images_carousel images=&#8221;927,926&#8243; img_size=&#8221;medium&#8221; onclick=&#8221;link_no&#8221; speed=&#8221;4500&#8243; autoplay=&#8221;yes&#8221; wrap=&#8221;yes&#8221;][\/vc_column][vc_column width=&#8221;1\/4&#8243;][vc_column_text] KR\u00c4UTERLIMONADE Die Zusammensetzung dieser Anti-Stress-Limonade besteht aus Extrakten von wohltuenden Kr\u00e4utern, wie dem Mund der Mutter, der Minze oder der Minze, die Ihre Geschmacksknospen beruhigen und Ihnen eine angenehme Ruhe schenken. Die Kombination dieser Kr\u00e4uter, zusammen mit Apfel- und Zitronensaft, bringt Sie in den&hellip;<\/p>\n","protected":false},"author":1,"featured_media":0,"parent":0,"menu_order":0,"comment_status":"closed","ping_status":"closed","template":"","meta":{"_monsterinsights_skip_tracking":false,"_monsterinsights_sitenote_active":false,"_monsterinsights_sitenote_note":"","_monsterinsights_sitenote_category":0,"footnotes":""},"class_list":["post-1010","page","type-page","status-publish","hentry"],"aioseo_notices":[],"_links":{"self":[{"href":"https:\/\/manaroots.com\/de\/wp-json\/wp\/v2\/pages\/1010","targetHints":{"allow":["GET"]}}],"collection":[{"href":"https:\/\/manaroots.com\/de\/wp-json\/wp\/v2\/pages"}],"about":[{"href":"https:\/\/manaroots.com\/de\/wp-json\/wp\/v2\/types\/page"}],"author":[{"embeddable":true,"href":"https:\/\/manaroots.com\/de\/wp-json\/wp\/v2\/users\/1"}],"replies":[{"embeddable":true,"href":"https:\/\/manaroots.com\/de\/wp-json\/wp\/v2\/comments?post=1010"}],"version-history":[{"count":8,"href":"https:\/\/manaroots.com\/de\/wp-json\/wp\/v2\/pages\/1010\/revisions"}],"predecessor-version":[{"id":1074,"href":"https:\/\/manaroots.com\/de\/wp-json\/wp\/v2\/pages\/1010\/revisions\/1074"}],"wp:attachment":[{"href":"https:\/\/manaroots.com\/de\/wp-json\/wp\/v2\/media?parent=1010"}],"curies":[{"name":"wp","href":"https:\/\/api.w.org\/{rel}","templated":true}]}}